{"id":1087,"date":"2021-03-30T12:48:55","date_gmt":"2021-03-30T12:48:55","guid":{"rendered":"http:\/\/ltgcargo.pl\/?page_id=1087"},"modified":"2021-03-30T15:54:48","modified_gmt":"2021-03-30T15:54:48","slug":"pateikti-pranesima-apie-pazeidima","status":"publish","type":"page","link":"https:\/\/ltgcargo.pl\/lt\/pateikti-pranesima-apie-pazeidima\/","title":{"rendered":"Pateikti prane\u0161im\u0105 apie pa\u017eeidim\u0105"},"content":{"rendered":"<p>LTG Cargo Polska Sp. z o.o. veikl\u0105 vykdo vadovaudamasi nulin\u0117s tolerancijos korupcijai principu, rei\u0161kian\u010diu, kad bendrov\u0117je netoleruojamos bet kokios formos korupcijos aprai\u0161kos (interes\u0173 konfliktai, ky\u0161ininkavimas, piktnaud\u017eiavimas pareigomis, neteis\u0117tas dovan\u0173 pri\u0117mimas ir kt.). \u012emon\u0117 veikia atsakingai, skaidriai, s\u0105\u017einingai ir patikimai.<\/p>\n<p>Savo veikloje bendrov\u0117 vadovaujasi patronuojan\u010dios bendrov\u0117s AB \u201eLietuvos gele\u017einkeliai\u201c (LTG) \u012fmoni\u0173 grup\u0117je galiojan\u010dia Atsparumo korupcijai politika, apibr\u0117\u017eian\u010dia pagrindinius \u012fmoni\u0173 grup\u0117s korupcijos prevencijos tikslus, principus ir \u012fgyvendinamas priemones. Bendrov\u0117s darbuotojai kasdien\u0117je veikloje bendraudami tarpusavyje ir su kitais asmenimis laikosi etikos princip\u0173, numatyt\u0173 Darbuotoj\u0173 etikos kodekse. Skaidrios ir s\u0105\u017einingos veiklos tikimasi ir i\u0161 bendrov\u0117s veiklos partneri\u0173, \u0161ie l\u016bkes\u010diai jiems i\u0161d\u0117styti Tiek\u0117jo elgesio kodekse.<\/p>\n<p><a href=\"http:\/\/ltgcargo.pl\/wp-content\/uploads\/2021\/03\/ATSPARUMO_KORUPCIJAI_POLITIKA.pdf\">Atsparumo korupcijos politika<\/a><\/p>\n<p><a href=\"http:\/\/ltgcargo.pl\/wp-content\/uploads\/2021\/03\/Etikos-kodeksas.pdf\">Darbuotoj\u0173 etikos kodeksas<\/a><\/p>\n<p><a href=\"http:\/\/ltgcargo.pl\/wp-content\/uploads\/2021\/03\/LTG-tiekejo-elgesio-kodeksas.pdf\">Tiek\u0117jo elgesio kodeksas<\/a><\/p>\n<p>Bendrov\u0117je vykdomos korupcijos prevencijos priemon\u0117s, kurios \u012fgyvendinamos AB \u201eLietuvos gele\u017einkeliai\u201c (LTG) \u012fmoni\u0173 grup\u0117s mastu. Su \u0161iomis priemon\u0117mis galima susipa\u017einti <a href=\"#\">\u010dia<\/a>.<\/p>\n<p>Apie bendrov\u0117je darom\u0105, padaryt\u0105 ar planuojam\u0105 daryti nusikalstam\u0105 veik\u0105, darbuotoj\u0173 galimus neteis\u0117tus veiksmus ar neveikim\u0105, piktnaud\u017eiavim\u0105 pareigomis ar kitus veiksmus, turin\u010dius korupcinio pob\u016bd\u017eio nusikalstamos veikos po\u017eymi\u0173 galima prane\u0161ti, pasi\u016blymus d\u0117l korupcijos prevencijos priemoni\u0173 bendrov\u0117je teikti \u012fdiegtais<\/p>\n<p><strong> Pasitik\u0117jimo linijos<\/strong> kanalais:<\/p>\n<ul>\n<li>\u00a0el. pa\u0161tu <a href=\"mailto:prevencija@bekorupcijos.lt\">prevencija@bekorupcijos.lt<\/a>;<\/li>\n<li>\u00a0u\u017epild\u017eius form\u0105 auk\u0161\u010diau.<\/li>\n<\/ul>\n<p>Pasitik\u0117jimo linija gautus prane\u0161imus nagrin\u0117ja AB \u201eLietuvos gele\u017einkeliai\u201c (LTG) Saugos ir rizik\u0173 valdymo departamento paskirti darbuotojai. Prane\u0161imai yra i\u0161nagrin\u0117jami per 20 darbo dien\u0173 nuo j\u0173 gavimo.<\/p>\n<p>Prane\u0161im\u0105 kiekvienas asmuo gali teikti anonimi\u0161kai, t. y. nenurodydamas savo vardo, pavard\u0117s ir (ar) kontaktini\u0173 duomen\u0173. Ta\u010diau jei bus nurodyti kontaktiniai duomenys ir tai, kad asmuo nori b\u016bti informuotas apie tyrimo rezultatus, prane\u0161\u0117jas nustatyta tvarka bus informuojamas apie nagrin\u0117jimo rezultatus ir priimtus sprendimus.<\/p>\n","protected":false},"excerpt":{"rendered":"<p>LTG Cargo Polska Sp. z o.o. veikl\u0105 vykdo vadovaudamasi nulin\u0117s tolerancijos korupcijai principu, rei\u0161kian\u010diu, kad&#8230;<\/p>\n","protected":false},"author":9,"featured_media":0,"parent":0,"menu_order":0,"comment_status":"closed","ping_status":"closed","template":"tp-report.php","meta":{"footnotes":""},"class_list":["post-1087","page","type-page","status-publish","hentry"],"_links":{"self":[{"href":"https:\/\/ltgcargo.pl\/lt\/wp-json\/wp\/v2\/pages\/1087","targetHints":{"allow":["GET"]}}],"collection":[{"href":"https:\/\/ltgcargo.pl\/lt\/wp-json\/wp\/v2\/pages"}],"about":[{"href":"https:\/\/ltgcargo.pl\/lt\/wp-json\/wp\/v2\/types\/page"}],"author":[{"embeddable":true,"href":"https:\/\/ltgcargo.pl\/lt\/wp-json\/wp\/v2\/users\/9"}],"replies":[{"embeddable":true,"href":"https:\/\/ltgcargo.pl\/lt\/wp-json\/wp\/v2\/comments?post=1087"}],"version-history":[{"count":3,"href":"https:\/\/ltgcargo.pl\/lt\/wp-json\/wp\/v2\/pages\/1087\/revisions"}],"predecessor-version":[{"id":1109,"href":"https:\/\/ltgcargo.pl\/lt\/wp-json\/wp\/v2\/pages\/1087\/revisions\/1109"}],"wp:attachment":[{"href":"https:\/\/ltgcargo.pl\/lt\/wp-json\/wp\/v2\/media?parent=1087"}],"curies":[{"name":"wp","href":"https:\/\/api.w.org\/{rel}","templated":true}]}}