{"id":8,"date":"2021-01-22T08:34:11","date_gmt":"2021-01-22T08:34:11","guid":{"rendered":"http:\/\/ltgcargo.pl\/?page_id=8"},"modified":"2026-02-20T15:01:50","modified_gmt":"2026-02-20T15:01:50","slug":"apie-mus","status":"publish","type":"page","link":"https:\/\/ltgcargo.pl\/lt\/apie-mus\/","title":{"rendered":"Apie mus"},"content":{"rendered":"<h2>Apie mus<\/h2>\n<p>LTG Cargo Polska Sp. z o.o. 100 proc. priklauso Lietuvos krovini\u0173 perve\u017eimo gele\u017einkeliu \u012fmonei AB \u201eLTG Cargo\u201c, kuri yra did\u017eiausios Baltijos \u0161ali\u0173 gele\u017einkeli\u0173 \u012fmoni\u0173 grup\u0117s AB \u201eLietuvos gele\u017einkeliai\u201c (LTG)\u00a0 dalis ir u\u017eima 10 viet\u0105 pagal krovini\u0173 perve\u017eimo apimtis Europos S\u0105jungoje (ES). Savo veikl\u0105 Lenkijoje \u012fmon\u0117 prad\u0117jo 2020 metais. Pasitelkdama skirting\u0173 transporto r\u016b\u0161i\u0173, technin\u0117s pa\u017eangos bei informacini\u0173 technologij\u0173 sinergij\u0105, m\u016bs\u0173 \u012fmon\u0117 tobulina esamas ir kuria naujas paslaugas klientui.<\/p>\n<p>Esame ar\u010diau savo klient\u0173, tad grei\u010diau reaguojame \u012f poky\u010dius rinkoje. Pagrindinis m\u016bs\u0173 u\u017edavinys \u2013 pasi\u016blyti klientams optimalius krovini\u0173 perve\u017eimo sprendimus, taupan\u010dius j\u0173 laik\u0105 ir finansinius i\u0161teklius.<\/p>\n<p>Nuolatinis tobul\u0117jimas ir nauj\u0173 b\u016bd\u0173, palengvinan\u010di\u0173 krovini\u0173 ve\u017eimo proces\u0105, ie\u0161kojimas yra m\u016bs\u0173 \u012fmon\u0117s i\u0161skirtinumas, leid\u017eiantis gerus LTG Cargo Polska sprendimus paversti dar geresniais.<\/p>\n<p><a href=\"https:\/\/ltgcargo.pl\/wp-content\/uploads\/2021\/08\/Schema-Cargo-PL.jpg\" target=\"_blank\" rel=\"noopener\">Kompanijos organizacin\u0117 strukt\u016bra<\/a><\/p>\n<p><a href=\"https:\/\/ltgcargo.pl\/wp-content\/uploads\/2022\/04\/Socialine-atsakomybe.pdf\" target=\"_blank\" rel=\"noopener\">Socialin\u0117 atsakomyb\u0117<\/a><\/p>\n<p><a href=\"https:\/\/ltgcargo.pl\/wp-content\/uploads\/2021\/09\/Atlygio-politikos-nuostatos.pdf\" target=\"_blank\" rel=\"noopener\">Atlygio politikos nuostatos<\/a><\/p>\n<p>&nbsp;<\/p>\n","protected":false},"excerpt":{"rendered":"<p>Apie mus LTG Cargo Polska Sp. z o.o. 100 proc. priklauso Lietuvos krovini\u0173 perve\u017eimo gele\u017einkeliu&#8230;<\/p>\n","protected":false},"author":9,"featured_media":627,"parent":0,"menu_order":0,"comment_status":"closed","ping_status":"closed","template":"tp-about.php","meta":{"footnotes":""},"class_list":["post-8","page","type-page","status-publish","has-post-thumbnail","hentry"],"_links":{"self":[{"href":"https:\/\/ltgcargo.pl\/lt\/wp-json\/wp\/v2\/pages\/8","targetHints":{"allow":["GET"]}}],"collection":[{"href":"https:\/\/ltgcargo.pl\/lt\/wp-json\/wp\/v2\/pages"}],"about":[{"href":"https:\/\/ltgcargo.pl\/lt\/wp-json\/wp\/v2\/types\/page"}],"author":[{"embeddable":true,"href":"https:\/\/ltgcargo.pl\/lt\/wp-json\/wp\/v2\/users\/9"}],"replies":[{"embeddable":true,"href":"https:\/\/ltgcargo.pl\/lt\/wp-json\/wp\/v2\/comments?post=8"}],"version-history":[{"count":32,"href":"https:\/\/ltgcargo.pl\/lt\/wp-json\/wp\/v2\/pages\/8\/revisions"}],"predecessor-version":[{"id":4287,"href":"https:\/\/ltgcargo.pl\/lt\/wp-json\/wp\/v2\/pages\/8\/revisions\/4287"}],"wp:featuredmedia":[{"embeddable":true,"href":"https:\/\/ltgcargo.pl\/lt\/wp-json\/wp\/v2\/media\/627"}],"wp:attachment":[{"href":"https:\/\/ltgcargo.pl\/lt\/wp-json\/wp\/v2\/media?parent=8"}],"curies":[{"name":"wp","href":"https:\/\/api.w.org\/{rel}","templated":true}]}}